{"id":33,"date":"2023-11-29T10:06:30","date_gmt":"2023-11-29T09:06:30","guid":{"rendered":"https:\/\/servitronique.fr\/info\/?page_id=33"},"modified":"2025-07-26T13:30:49","modified_gmt":"2025-07-26T11:30:49","slug":"linformatique-a-la-carte","status":"publish","type":"page","link":"https:\/\/servitronique.fr\/info\/","title":{"rendered":"\u00ab\u00a0L&rsquo;informatique \u00e0 la carte\u00a0\u00bb"},"content":{"rendered":"\n<figure class=\"wp-block-gallery has-nested-images columns-default is-cropped wp-block-gallery-10 is-layout-flex wp-block-gallery-is-layout-flex\">\n<figure class=\"wp-block-image size-large is-style-rounded is-style-rounded--1\"><img loading=\"lazy\" decoding=\"async\" width=\"612\" height=\"300\" data-id=\"40\" src=\"https:\/\/servitronique.fr\/info\/wp-content\/uploads\/2023\/11\/recup4-1331748980-612x612-1.jpg\" alt=\"\" class=\"wp-image-40\" srcset=\"https:\/\/servitronique.fr\/info\/wp-content\/uploads\/2023\/11\/recup4-1331748980-612x612-1.jpg 612w, https:\/\/servitronique.fr\/info\/wp-content\/uploads\/2023\/11\/recup4-1331748980-612x612-1-300x147.jpg 300w\" sizes=\"auto, (max-width: 612px) 100vw, 612px\" \/><\/figure>\n\n\n\n<figure class=\"wp-block-image size-large is-style-rounded is-style-rounded--2\"><img loading=\"lazy\" decoding=\"async\" width=\"612\" height=\"408\" data-id=\"39\" src=\"https:\/\/servitronique.fr\/info\/wp-content\/uploads\/2023\/11\/recup2-1089986316-612x612-1.jpg\" alt=\"\" class=\"wp-image-39\" srcset=\"https:\/\/servitronique.fr\/info\/wp-content\/uploads\/2023\/11\/recup2-1089986316-612x612-1.jpg 612w, https:\/\/servitronique.fr\/info\/wp-content\/uploads\/2023\/11\/recup2-1089986316-612x612-1-300x200.jpg 300w\" sizes=\"auto, (max-width: 612px) 100vw, 612px\" \/><\/figure>\n\n\n\n<figure class=\"wp-block-image size-large is-style-rounded is-style-rounded--3\"><img loading=\"lazy\" decoding=\"async\" width=\"612\" height=\"227\" data-id=\"35\" src=\"https:\/\/servitronique.fr\/info\/wp-content\/uploads\/2023\/11\/internet1-1367696835-612x612-1.jpg\" alt=\"\" class=\"wp-image-35\" srcset=\"https:\/\/servitronique.fr\/info\/wp-content\/uploads\/2023\/11\/internet1-1367696835-612x612-1.jpg 612w, https:\/\/servitronique.fr\/info\/wp-content\/uploads\/2023\/11\/internet1-1367696835-612x612-1-300x111.jpg 300w\" sizes=\"auto, (max-width: 612px) 100vw, 612px\" \/><\/figure>\n\n\n\n<figure class=\"wp-block-image size-large is-style-rounded is-style-rounded--4\"><img loading=\"lazy\" decoding=\"async\" width=\"612\" height=\"408\" data-id=\"38\" src=\"https:\/\/servitronique.fr\/info\/wp-content\/uploads\/2023\/11\/formation1-1290864946-612x612-1.jpg\" alt=\"\" class=\"wp-image-38\" srcset=\"https:\/\/servitronique.fr\/info\/wp-content\/uploads\/2023\/11\/formation1-1290864946-612x612-1.jpg 612w, https:\/\/servitronique.fr\/info\/wp-content\/uploads\/2023\/11\/formation1-1290864946-612x612-1-300x200.jpg 300w\" sizes=\"auto, (max-width: 612px) 100vw, 612px\" \/><\/figure>\n\n\n\n<figure class=\"wp-block-image size-large is-style-rounded is-style-rounded--5\"><img loading=\"lazy\" decoding=\"async\" width=\"612\" height=\"401\" data-id=\"36\" src=\"https:\/\/servitronique.fr\/info\/wp-content\/uploads\/2023\/11\/audit2-904535280-612x612-1.jpg\" alt=\"\" class=\"wp-image-36\" srcset=\"https:\/\/servitronique.fr\/info\/wp-content\/uploads\/2023\/11\/audit2-904535280-612x612-1.jpg 612w, https:\/\/servitronique.fr\/info\/wp-content\/uploads\/2023\/11\/audit2-904535280-612x612-1-300x197.jpg 300w\" sizes=\"auto, (max-width: 612px) 100vw, 612px\" \/><\/figure>\n\n\n\n<figure class=\"wp-block-image size-large is-style-rounded is-style-rounded--6\"><img loading=\"lazy\" decoding=\"async\" width=\"612\" height=\"344\" data-id=\"43\" src=\"https:\/\/servitronique.fr\/info\/wp-content\/uploads\/2023\/11\/1159763195-612x612-1.jpg\" alt=\"\" class=\"wp-image-43\" srcset=\"https:\/\/servitronique.fr\/info\/wp-content\/uploads\/2023\/11\/1159763195-612x612-1.jpg 612w, https:\/\/servitronique.fr\/info\/wp-content\/uploads\/2023\/11\/1159763195-612x612-1-300x169.jpg 300w\" sizes=\"auto, (max-width: 612px) 100vw, 612px\" \/><\/figure>\n\n\n\n<figure class=\"wp-block-image size-large is-style-rounded is-style-rounded--7\"><img loading=\"lazy\" decoding=\"async\" width=\"612\" height=\"408\" data-id=\"42\" src=\"https:\/\/servitronique.fr\/info\/wp-content\/uploads\/2023\/11\/975807342-612x612-1.jpg\" alt=\"\" class=\"wp-image-42\" srcset=\"https:\/\/servitronique.fr\/info\/wp-content\/uploads\/2023\/11\/975807342-612x612-1.jpg 612w, https:\/\/servitronique.fr\/info\/wp-content\/uploads\/2023\/11\/975807342-612x612-1-300x200.jpg 300w\" sizes=\"auto, (max-width: 612px) 100vw, 612px\" \/><\/figure>\n\n\n\n<figure class=\"wp-block-image size-large is-style-rounded is-style-rounded--8\"><img loading=\"lazy\" decoding=\"async\" width=\"612\" height=\"344\" data-id=\"41\" src=\"https:\/\/servitronique.fr\/info\/wp-content\/uploads\/2023\/11\/1148195855-612x612-1.jpg\" alt=\"\" class=\"wp-image-41\" srcset=\"https:\/\/servitronique.fr\/info\/wp-content\/uploads\/2023\/11\/1148195855-612x612-1.jpg 612w, https:\/\/servitronique.fr\/info\/wp-content\/uploads\/2023\/11\/1148195855-612x612-1-300x169.jpg 300w\" sizes=\"auto, (max-width: 612px) 100vw, 612px\" \/><\/figure>\n\n\n\n<figure class=\"wp-block-image size-large is-style-rounded is-style-rounded--9\"><img loading=\"lazy\" decoding=\"async\" width=\"612\" height=\"370\" data-id=\"37\" src=\"https:\/\/servitronique.fr\/info\/wp-content\/uploads\/2023\/11\/815594930-612x612-2.jpg\" alt=\"\" class=\"wp-image-37\" srcset=\"https:\/\/servitronique.fr\/info\/wp-content\/uploads\/2023\/11\/815594930-612x612-2.jpg 612w, https:\/\/servitronique.fr\/info\/wp-content\/uploads\/2023\/11\/815594930-612x612-2-300x181.jpg 300w\" sizes=\"auto, (max-width: 612px) 100vw, 612px\" \/><\/figure>\n<\/figure>\n\n\n\n<div class=\"wp-block-group alignfull has-global-padding is-layout-constrained wp-container-core-group-is-layout-490fa1db wp-block-group-is-layout-constrained\" style=\"padding-top:var(--wp--preset--spacing--50);padding-right:var(--wp--preset--spacing--50);padding-bottom:var(--wp--preset--spacing--50);padding-left:var(--wp--preset--spacing--50)\">\n<div class=\"wp-block-group has-global-padding is-layout-constrained wp-container-core-group-is-layout-650790e1 wp-block-group-is-layout-constrained\">\n<p><strong><mark style=\"background-color:rgba(0, 0, 0, 0)\" class=\"has-inline-color has-accent-3-color\">Servitronique <\/mark><\/strong>est une soci\u00e9t\u00e9 sp\u00e9cialis\u00e9e depuis 1994 dans :<\/p>\n\n\n\n<p><\/p>\n\n\n\n<ul class=\"wp-block-list\">\n<li>la distribution de mat\u00e9riels<\/li>\n\n\n\n<li>la maintenance du parc informatique<\/li>\n\n\n\n<li>la r\u00e9paration des ordinateurs<\/li>\n\n\n\n<li>le d\u00e9ploiement de solutions de gestion<\/li>\n\n\n\n<li>les solutions de s\u00e9curit\u00e9 informatique<\/li>\n\n\n\n<li>le c\u00e2blage r\u00e9seau<\/li>\n<\/ul>\n\n\n\n<p><\/p>\n\n\n\n<p>Nos clients sont des administrations, des collectivit\u00e9s, des PME-PMI, des professions lib\u00e9rales, des artisans, \u2026<\/p>\n\n\n\n<div style=\"height:1.25rem\" aria-hidden=\"true\" class=\"wp-block-spacer\"><\/div>\n\n\n\n<p class=\"has-text-align-center\"><\/p>\n\n\n\n<div style=\"height:1.25rem\" aria-hidden=\"true\" class=\"wp-block-spacer\"><\/div>\n\n\n\n<div class=\"wp-block-buttons is-content-justification-center is-layout-flex wp-container-core-buttons-is-layout-a89b3969 wp-block-buttons-is-layout-flex\">\n<div class=\"wp-block-button\"><a class=\"wp-block-button__link wp-element-button\">\u00c0 propos<\/a><\/div>\n<\/div>\n<\/div>\n\n\n\n<div style=\"height:var(--wp--preset--spacing--30)\" aria-hidden=\"true\" class=\"wp-block-spacer\"><\/div>\n<\/div>\n\n\n\n<div class=\"wp-block-group alignfull has-base-2-background-color has-background has-global-padding is-layout-constrained wp-container-core-group-is-layout-669513ed wp-block-group-is-layout-constrained\" style=\"margin-top:0;margin-bottom:0;padding-top:var(--wp--preset--spacing--50);padding-right:var(--wp--preset--spacing--50);padding-bottom:var(--wp--preset--spacing--50);padding-left:var(--wp--preset--spacing--50)\">\n<div class=\"wp-block-group is-vertical is-content-justification-center is-layout-flex wp-container-core-group-is-layout-52b864f0 wp-block-group-is-layout-flex\">\n<h2 class=\"wp-block-heading has-text-align-center is-style-asterisk\">Service au client<\/h2>\n\n\n\n<div style=\"height:0px\" aria-hidden=\"true\" class=\"wp-block-spacer wp-container-content-4f2ccadb\"><\/div>\n\n\n\n<p class=\"has-text-align-center\">Notre gamme compl\u00e8te de services s\u2019adresse \u00e0 une client\u00e8le diversifi\u00e9e, allant du particulier au professionnel en passant par l&rsquo;administration.<\/p>\n\n\n\n<p class=\"has-text-align-center\"><\/p>\n<\/div>\n\n\n\n<div style=\"margin-top:0;margin-bottom:0;height:var(--wp--preset--spacing--40)\" aria-hidden=\"true\" class=\"wp-block-spacer\"><\/div>\n\n\n\n<div class=\"wp-block-columns alignwide is-layout-flex wp-container-core-columns-is-layout-d0bbbce0 wp-block-columns-is-layout-flex\">\n<div class=\"wp-block-column is-layout-flow wp-container-core-column-is-layout-e3d1c41b wp-block-column-is-layout-flow\">\n<h3 class=\"wp-block-heading has-text-align-left is-style-asterisk has-body-font-family has-medium-font-size\" style=\"font-style:normal;font-weight:600\">Maintenance<\/h3>\n\n\n\n<p class=\"has-text-align-left\">&#8212;&#8212;&#8212;&#8212;&#8212;&#8212;&#8212;&#8212;&#8212;&#8212;&#8212;&#8212;&#8212;-.<\/p>\n<\/div>\n\n\n\n<div class=\"wp-block-column is-layout-flow wp-container-core-column-is-layout-e3d1c41b wp-block-column-is-layout-flow\">\n<h3 class=\"wp-block-heading has-text-align-left is-style-asterisk has-body-font-family has-medium-font-size\" style=\"font-style:normal;font-weight:600\">D\u00e9pannage<\/h3>\n\n\n\n<p class=\"has-text-align-left\">&#8212;&#8212;&#8212;&#8212;&#8212;&#8212;&#8212;&#8212;&#8212;&#8212;&#8212;&#8212;&#8212;-.<\/p>\n<\/div>\n\n\n\n<div class=\"wp-block-column is-layout-flow wp-container-core-column-is-layout-e3d1c41b wp-block-column-is-layout-flow\">\n<h3 class=\"wp-block-heading has-text-align-left is-style-asterisk has-body-font-family has-medium-font-size\" style=\"font-style:normal;font-weight:600\">Ecoute<\/h3>\n\n\n\n<p class=\"has-text-align-left\">&#8212;&#8212;&#8212;&#8212;&#8212;&#8212;&#8212;&#8212;&#8212;&#8212;&#8212;&#8212;&#8212;-.<\/p>\n<\/div>\n<\/div>\n\n\n\n<div style=\"height:var(--wp--preset--spacing--20)\" aria-hidden=\"true\" class=\"wp-block-spacer\"><\/div>\n\n\n\n<div class=\"wp-block-columns alignwide is-layout-flex wp-container-core-columns-is-layout-d0bbbce0 wp-block-columns-is-layout-flex\">\n<div class=\"wp-block-column is-layout-flow wp-container-core-column-is-layout-e3d1c41b wp-block-column-is-layout-flow\">\n<h3 class=\"wp-block-heading has-text-align-left is-style-asterisk has-body-font-family has-medium-font-size\" style=\"font-style:normal;font-weight:600\">Conseil<\/h3>\n\n\n\n<p class=\"has-text-align-left\">Exp\u00e9rience de la fusion entre la technicit\u00e9 et l&rsquo;expertise.<\/p>\n<\/div>\n\n\n\n<div class=\"wp-block-column is-layout-flow wp-container-core-column-is-layout-e3d1c41b wp-block-column-is-layout-flow\">\n<h3 class=\"wp-block-heading has-text-align-left is-style-asterisk has-body-font-family has-medium-font-size\" style=\"font-style:normal;font-weight:600\">Gestion de projet<\/h3>\n\n\n\n<p class=\"has-text-align-left\">Exp\u00e9rience de la fusion entre la technicit\u00e9 et l&rsquo;expertise.<\/p>\n<\/div>\n\n\n\n<div class=\"wp-block-column is-layout-flow wp-container-core-column-is-layout-e3d1c41b wp-block-column-is-layout-flow\">\n<h3 class=\"wp-block-heading has-text-align-left is-style-asterisk has-body-font-family has-medium-font-size\" style=\"font-style:normal;font-weight:600\">Formation<\/h3>\n\n\n\n<p class=\"has-text-align-left\">&#8212;&#8212;&#8212;&#8212;&#8212;&#8212;&#8212;&#8212;&#8212;&#8212;&#8212;&#8212;&#8212;-.<\/p>\n<\/div>\n<\/div>\n<\/div>\n\n\n\n<div class=\"wp-block-group alignfull has-global-padding is-layout-constrained wp-container-core-group-is-layout-d89aad35 wp-block-group-is-layout-constrained\" style=\"margin-top:0;margin-bottom:0;padding-top:var(--wp--preset--spacing--50);padding-right:var(--wp--preset--spacing--50);padding-bottom:var(--wp--preset--spacing--50);padding-left:var(--wp--preset--spacing--50)\">\n<div class=\"wp-block-group alignwide has-global-padding is-layout-constrained wp-container-core-group-is-layout-19e250f3 wp-block-group-is-layout-constrained\"><\/div>\n\n\n\n<figure class=\"wp-block-image size-full is-resized\"><img loading=\"lazy\" decoding=\"async\" width=\"203\" height=\"102\" src=\"https:\/\/servitronique.fr\/info\/wp-content\/uploads\/2025\/07\/image.png\" alt=\"\" class=\"wp-image-126\" style=\"width:338px;height:auto\"\/><\/figure>\n\n\n\n<p><\/p>\n<\/div>\n\n\n\n<h2 class=\"wp-block-heading\">\ud83d\udd27 R\u00e9parer plut\u00f4t que jeter : votre r\u00e9parateur QualiR\u00e9par chez Servitronique<\/h2>\n\n\n\n<p>Chez\u00a0<strong>Servitronique<\/strong>, nous croyons en une informatique \/ \u00e9lectronique plus durable. En tant que\u00a0<strong>r\u00e9parateur labellis\u00e9 QualiR\u00e9par<\/strong>, nous vous aidons \u00e0 prolonger la vie de vos appareils tout en vous faisant b\u00e9n\u00e9ficier d\u2019un\u00a0<strong>bonus r\u00e9paration<\/strong>\u00a0financ\u00e9 par l\u2019\u00c9tat.<\/p>\n\n\n\n<h3 class=\"wp-block-heading\">\u2705 Qu\u2019est-ce que le label QualiR\u00e9par ?<\/h3>\n\n\n\n<p>Le label&nbsp;<strong>QualiR\u00e9par<\/strong>&nbsp;est une certification officielle d\u00e9livr\u00e9e aux professionnels de la r\u00e9paration d\u2019\u00e9quipements \u00e9lectriques et \u00e9lectroniques. Il garantit :<\/p>\n\n\n\n<ul class=\"wp-block-list\">\n<li>Une\u00a0<strong>expertise technique reconnue<\/strong><\/li>\n\n\n\n<li>Des\u00a0<strong>r\u00e9parations de qualit\u00e9<\/strong><\/li>\n\n\n\n<li>Le respect de crit\u00e8res environnementaux et sociaux<\/li>\n<\/ul>\n\n\n\n<p>Gr\u00e2ce \u00e0 ce label, vous pouvez b\u00e9n\u00e9ficier d\u2019un\u00a0<strong>bonus r\u00e9paration<\/strong>, directement d\u00e9duit de votre facture, sans aucune d\u00e9marche de votre part.<\/p>\n\n\n\n<h3 class=\"wp-block-heading\">\ud83d\udee0\ufe0f Quels appareils sont concern\u00e9s ?<\/h3>\n\n\n\n<p>Tous les appareils qui figurent ci-dessous b\u00e9n\u00e9ficient du bonus \u00e0 condition qu\u2019ils ne soient plus couverts par une garantie et que la panne soit \u00e9ligible.<\/p>\n\n\n\n<p>Nous r\u00e9parons une large gamme d\u2019\u00e9quipements :<\/p>\n\n\n\n<p><\/p>\n\n\n\n<ul class=\"wp-block-list\">\n<li>Ordinateur fixe<\/li>\n\n\n\n<li>Ordinateur portables<\/li>\n\n\n\n<li>Smartphones<\/li>\n\n\n\n<li>Tablettes<\/li>\n\n\n\n<li>T\u00e9l\u00e9viseurs<\/li>\n\n\n\n<li>Et bien d\u2019autres !<\/li>\n<\/ul>\n\n\n\n<h3 class=\"wp-block-heading\">Informatique-Gaming<\/h3>\n\n\n\n<ul class=\"wp-block-list\">\n<li><img decoding=\"async\" width=\"70\" src=\"https:\/\/www.ecosystem.eco\/upload\/medias\/67b337f7c6d4e7.83979721_6703fc0ab67228_22534861_console_de_jeux.png\" alt=\"\"> Console de jeux20\u20ac<\/li>\n\n\n\n<li><img decoding=\"async\" width=\"70\" src=\"https:\/\/www.ecosystem.eco\/upload\/medias\/6703fc56302863.08031579_imprimante.png\" alt=\"\"> Imprimante (seuil d\u00e9cl. 150\u20ac)35\u20ac<\/li>\n\n\n\n<li><img decoding=\"async\" width=\"70\" src=\"https:\/\/www.ecosystem.eco\/upload\/medias\/6703fc563726f6.63443346_moniteur.png\" alt=\"\"> Moniteur (seuil d\u00e9cl. 100\u20ac)30\u20ac<\/li>\n\n\n\n<li><img decoding=\"async\" width=\"70\" src=\"https:\/\/www.ecosystem.eco\/upload\/medias\/6703fc92862e35.89603467_ordinateur_fixe.png\" alt=\"\"> Ordinateur fixe \/ tout-en-un (seuil d\u00e9cl. 150\u20ac)50\u20ac<\/li>\n\n\n\n<li><img decoding=\"async\" width=\"70\" src=\"https:\/\/www.ecosystem.eco\/upload\/medias\/6703fc92874258.87339064_ordinateur_portable.png\" alt=\"\"> Ordinateur portable (seuil d\u00e9cl. : 150\u20ac)50\u20ac<\/li>\n\n\n\n<li><img decoding=\"async\" width=\"70\" src=\"https:\/\/www.ecosystem.eco\/upload\/medias\/6703fc92974bf7.97409596_scanner.png\" alt=\"\"> Scanner (seuil d\u00e9cl. 150\u20ac)35\u20ac<\/li>\n\n\n\n<li><img decoding=\"async\" width=\"70\" src=\"https:\/\/www.ecosystem.eco\/upload\/medias\/6703fcb8656854.94976384_tablette.png\" alt=\"\"> Tablette25\u20ac<\/li>\n\n\n\n<li><img decoding=\"async\" width=\"83\" src=\"https:\/\/www.ecosystem.eco\/upload\/medias\/6703fc0aba6d24.01341336_drone.png\" alt=\"\"> Drone20\u20ac<\/li>\n\n\n\n<li><img decoding=\"async\" width=\"70\" src=\"https:\/\/www.ecosystem.eco\/upload\/medias\/6703fcb86e47a7.64664319_telephone_fixe.png\" alt=\"\">  T\u00e9l\u00e9phone fixe15\u20ac<\/li>\n\n\n\n<li><img decoding=\"async\" width=\"56\" src=\"https:\/\/www.ecosystem.eco\/upload\/medias\/6703fcb8711ea7.65231885_telephone_portable.png\" alt=\"\">  T\u00e9l\u00e9phone portable25\u20ac<\/li>\n<\/ul>\n\n\n\n<p>\ud83d\udc49 Consultez la liste compl\u00e8te des appareils \u00e9ligibles sur <a href=\"https:\/\/www.ecosystem.eco\/comprendre\/bonus-reparation\">Montant des Bonus R\u00e9paration pour les appareils \u00e9lectriques<\/a><\/p>\n\n\n\n<p><\/p>\n\n\n\n<h3 class=\"wp-block-heading\">\ud83d\udca1 Pourquoi choisir Servitronique ?<\/h3>\n\n\n\n<p>\u2705\u00a0<strong>R\u00e9parateur certifi\u00e9 QualiR\u00e9par<\/strong><br>\u2705\u00a0<strong>\u00c9conomie imm\u00e9diate gr\u00e2ce au bonus r\u00e9paration<\/strong><br>\u2705\u00a0<strong>Diagnostic rapide et transparent<\/strong><br>\u2705\u00a0<strong>R\u00e9parations garanties et durables<\/strong><br>\u2705\u00a0<strong>Engagement \u00e9coresponsable<\/strong><\/p>\n\n\n\n<p>En choisissant la r\u00e9paration, vous r\u00e9duisez vos d\u00e9chets \u00e9lectroniques et participez activement \u00e0 la transition \u00e9cologique.<\/p>\n\n\n\n<h3 class=\"wp-block-heading\">\ud83d\udccd Venez nous rencontrer<\/h3>\n\n\n\n<p>Nous vous accueillons du lundi au samedi. Vous pouvez \u00e9galement prendre rendez-vous en ligne ou nous contacter pour un devis gratuit.<\/p>\n\n\n\n<p><\/p>\n\n\n\n<p class=\"has-text-align-left has-x-large-font-size\"><strong>TARIF<\/strong><\/p>\n\n\n\n<p>Tarif horaire\u00a0r\u00e9paration atelier \u00a0\u00a0\u00a0\u00a0\u00a0\u00a0\u00a0\u00a0\u00a0\u00a0\u00a0\u00a0 65 \u20ac <\/p>\n\n\n\n<p>Tarif horaire\u00a0r\u00e9paration \u00e0 domicile \u00a0\u00a0\u00a0\u00a0\u00a0\u00a0\u00a0\u00a0\u00a0\u00a0\u00a0\u00a0 95 \u20ac <\/p>\n\n\n\n<p>Tarif horaire\u00a0\u2013 Initiation, formation et cours informatique. \u00a0\u00a0\u00a0\u00a0\u00a0\u00a0\u00a0\u00a0\u00a0\u00a0\u00a0\u00a0 65 \u20ac <\/p>\n\n\n\n<p>Tarif horaire\u00a0\u2013 Assistance \u00e0 distance\/formation \u00e0 distance. \u00a0\u00a0\u00a0\u00a0\u00a0\u00a0\u00a0\u00a0\u00a0\u00a0\u00a0\u00a0 65 \u20ac<\/p>\n\n\n\n<p><\/p>\n\n\n\n<div class=\"wp-block-group alignfull has-base-color has-contrast-background-color has-text-color has-background has-global-padding is-layout-constrained wp-container-core-group-is-layout-ef3d885c wp-block-group-is-layout-constrained\" style=\"margin-top:0;margin-bottom:0;padding-top:var(--wp--preset--spacing--60);padding-right:var(--wp--preset--spacing--60);padding-bottom:var(--wp--preset--spacing--60);padding-left:var(--wp--preset--spacing--60)\">\n<div class=\"wp-block-group has-global-padding is-layout-constrained wp-block-group-is-layout-constrained\">\n<p class=\"has-text-align-center has-base-color has-text-color has-heading-font-family has-x-large-font-size\" style=\"line-height:1.2\"> <em>\u201cJ&rsquo;avais un ordinateur qui n&rsquo;avan\u00e7ait plus !! suite \u00e0 ma visite on m&rsquo;a conseill\u00e9 de changer le disque dur.. maintenant il a retrouv\u00e9 toutes sa jeunesse !! Merci pour la prestation l&rsquo;efficacit\u00e9 et la promptitude. Je recommande vivement cet \u00e9tablissement, d&rsquo;ailleurs ce n&rsquo;est pas la premi\u00e8re fois que j&rsquo;ai fait appel \u00e0 eux, j&rsquo;en suis pleinement satisfait !! \u201d<\/em> <\/p>\n\n\n\n<div style=\"height:var(--wp--preset--spacing--10)\" aria-hidden=\"true\" class=\"wp-block-spacer\"><\/div>\n<\/div>\n<\/div>\n\n\n\n<p><\/p>\n\n\n\n<div class=\"wp-block-group alignfull has-global-padding is-layout-constrained wp-container-core-group-is-layout-d89aad35 wp-block-group-is-layout-constrained\" style=\"margin-top:0;margin-bottom:0;padding-top:var(--wp--preset--spacing--50);padding-right:var(--wp--preset--spacing--50);padding-bottom:var(--wp--preset--spacing--50);padding-left:var(--wp--preset--spacing--50)\"><\/div>\n\n\n\n<div class=\"wp-block-group alignfull has-global-padding is-layout-constrained wp-container-core-group-is-layout-d89aad35 wp-block-group-is-layout-constrained\" style=\"margin-top:0;margin-bottom:0;padding-top:var(--wp--preset--spacing--50);padding-right:var(--wp--preset--spacing--50);padding-bottom:var(--wp--preset--spacing--50);padding-left:var(--wp--preset--spacing--50)\">\n<div class=\"wp-block-group alignwide has-base-2-background-color has-background has-global-padding is-layout-constrained wp-container-core-group-is-layout-39412042 wp-block-group-is-layout-constrained\" style=\"border-radius:16px;padding-top:var(--wp--preset--spacing--40);padding-right:var(--wp--preset--spacing--50);padding-bottom:var(--wp--preset--spacing--40);padding-left:var(--wp--preset--spacing--50)\">\n<div style=\"height:var(--wp--preset--spacing--10)\" aria-hidden=\"true\" class=\"wp-block-spacer\"><\/div>\n\n\n\n<h2 class=\"wp-block-heading has-text-align-center has-x-large-font-size\">Rejoignez plus de 900 abonn\u00e9s\/abonn\u00e9es<\/h2>\n\n\n\n<p class=\"has-text-align-center\">Restez au courant de tout ce que vous devez savoir.<\/p>\n\n\n\n<div class=\"wp-block-buttons is-content-justification-center is-layout-flex wp-container-core-buttons-is-layout-a89b3969 wp-block-buttons-is-layout-flex\">\n<div class=\"wp-block-button\"><a class=\"wp-block-button__link wp-element-button\">S\u2019inscrire<\/a><\/div>\n<\/div>\n\n\n\n<div style=\"height:var(--wp--preset--spacing--10)\" aria-hidden=\"true\" class=\"wp-block-spacer\"><\/div>\n<\/div>\n<\/div>\n","protected":false},"excerpt":{"rendered":"<p>Servitronique est une soci\u00e9t\u00e9 sp\u00e9cialis\u00e9e depuis 1994 dans : Nos clients sont des administrations, des collectivit\u00e9s, des PME-PMI, des professions lib\u00e9rales, des artisans, \u2026 Service au client Notre gamme compl\u00e8te de services s\u2019adresse \u00e0 une client\u00e8le diversifi\u00e9e, allant du particulier au professionnel en passant par l&rsquo;administration. Maintenance &#8212;&#8212;&#8212;&#8212;&#8212;&#8212;&#8212;&#8212;&#8212;&#8212;&#8212;&#8212;&#8212;-. D\u00e9pannage &#8212;&#8212;&#8212;&#8212;&#8212;&#8212;&#8212;&#8212;&#8212;&#8212;&#8212;&#8212;&#8212;-. Ecoute &#8212;&#8212;&#8212;&#8212;&#8212;&#8212;&#8212;&#8212;&#8212;&#8212;&#8212;&#8212;&#8212;-. Conseil Exp\u00e9rience de [&hellip;]<\/p>\n","protected":false},"author":1,"featured_media":0,"parent":0,"menu_order":0,"comment_status":"closed","ping_status":"closed","template":"","meta":{"om_disable_all_campaigns":false,"footnotes":""},"class_list":["post-33","page","type-page","status-publish","hentry"],"aioseo_notices":[],"_links":{"self":[{"href":"https:\/\/servitronique.fr\/info\/index.php\/wp-json\/wp\/v2\/pages\/33","targetHints":{"allow":["GET"]}}],"collection":[{"href":"https:\/\/servitronique.fr\/info\/index.php\/wp-json\/wp\/v2\/pages"}],"about":[{"href":"https:\/\/servitronique.fr\/info\/index.php\/wp-json\/wp\/v2\/types\/page"}],"author":[{"embeddable":true,"href":"https:\/\/servitronique.fr\/info\/index.php\/wp-json\/wp\/v2\/users\/1"}],"replies":[{"embeddable":true,"href":"https:\/\/servitronique.fr\/info\/index.php\/wp-json\/wp\/v2\/comments?post=33"}],"version-history":[{"count":6,"href":"https:\/\/servitronique.fr\/info\/index.php\/wp-json\/wp\/v2\/pages\/33\/revisions"}],"predecessor-version":[{"id":129,"href":"https:\/\/servitronique.fr\/info\/index.php\/wp-json\/wp\/v2\/pages\/33\/revisions\/129"}],"wp:attachment":[{"href":"https:\/\/servitronique.fr\/info\/index.php\/wp-json\/wp\/v2\/media?parent=33"}],"curies":[{"name":"wp","href":"https:\/\/api.w.org\/{rel}","templated":true}]}}